{"id":24325,"date":"2018-05-07T09:53:32","date_gmt":"2018-05-07T09:53:32","guid":{"rendered":"https:\/\/www.asistenciadentalplus.com\/?page_id=24325"},"modified":"2025-11-20T13:32:46","modified_gmt":"2025-11-20T11:32:46","slug":"aviso-legal-clinica-dental-valencia","status":"publish","type":"page","link":"https:\/\/asistenciadentalplus.com\/en\/aviso-legal-clinica-dental-valencia\/","title":{"rendered":"Legal notice"},"content":{"rendered":"<p class=\"p1\"><span class=\"s1\"><strong>ASISTENCIA DENTAL PLUS, S.L.<\/strong>\u00a0(de ahora en adelante La Empresa), provisto con NIF\/CIF <strong>B97083802<\/strong><\/span><span class=\"s1\">, direcci\u00f3n<strong> C\/SALAMANCA, 35 BAJO &#8211; 46005 Valencia \u2013 Espa\u00f1a<\/strong><\/span><span class=\"s1\">, no puede asumir ninguna responsabilidad derivada del uso incorrecto, inapropiado o il\u00edcito de la informaci\u00f3n aparecida en las p\u00e1ginas de Internet de\u00a0<strong>www.asistenciadentalplus.com<\/strong><\/span><span class=\"s1\">\u00a0(de ahora en delante Nuestra Web)<\/span><\/p>\n<p class=\"p3\"><span class=\"s1\">Con los l\u00edmites establecidos en la ley, Nuestra Web no asume ninguna responsabilidad derivada de la falta de veracidad, integridad, actualizaci\u00f3n y precisi\u00f3n de los datos o informaciones que se contienen en sus p\u00e1ginas de Internet.<\/span><\/p>\n<p class=\"p3\"><span class=\"s1\">Los contenidos e informaci\u00f3n no vinculan a Nuestra Web ni constituyen opiniones, consejos o asesoramiento legal de ning\u00fan tipo pues se trata meramente de un servicio ofrecido con car\u00e1cter informativo y divulgativo.<\/span><\/p>\n<p class=\"p3\"><span class=\"s1\">Las p\u00e1ginas de Internet de Nuestra Web pueden contener enlaces (links) a otras p\u00e1ginas de terceras partes que Nuestra Web no puede controlar. Por lo tanto, Nuestra Web no puede asumir responsabilidades por el contenido que pueda aparecer en p\u00e1ginas de terceros.<\/span><\/p>\n<p class=\"p3\"><span class=\"s1\">Los textos, im\u00e1genes, sonidos, animaciones, software y el resto de contenidos incluidos en este website son propiedad exclusiva de Nuestra Web o sus licenciantes. Cualquier acto de transmisi\u00f3n, distribuci\u00f3n, cesi\u00f3n, reproducci\u00f3n, almacenamiento o comunicaci\u00f3n p\u00fablica total o parcial, debe contar con el consentimiento expreso de Nuestra Web.<\/span><\/p>\n<p class=\"p4\"><span class=\"s1\">Asimismo, para acceder a algunos de los servicios que Nuestra Web ofrece a trav\u00e9s del website deber\u00e1 proporcionar algunos datos de car\u00e1cter personal. En cumplimiento de lo establecido en el Reglamento (UE) 2016\/679 del Parlamento Europeo y del Consejo, de 27 de abril de 2016, relativo a la protecci\u00f3n de las personas f\u00edsicas en lo que respecta al tratamiento de datos personales y a la libre circulaci\u00f3n de estos datos le informamos que, mediante la cumplimentaci\u00f3n de los presentes formularios, sus datos personales quedar\u00e1n incorporados y ser\u00e1n tratados en los ficheros de La Empresa con el fin de poderle prestar y ofrecer nuestros servicios as\u00ed como para informarle de las mejoras del sitio Web. Asimismo, le informamos de la posibilidad de que ejerza los derechos de acceso, rectificaci\u00f3n, cancelaci\u00f3n y oposici\u00f3n de sus datos de car\u00e1cter personal, manera gratuita mediante email a <strong>cldentalplus@gmail.com<\/strong><\/span><span class=\"s2\">\u00a0<\/span><span class=\"s1\">o en la direcci\u00f3n<b>\u00a0<strong>C\/SALAMANCA, 35 BAJO &#8211; 46005 Valencia \u2013 Espa\u00f1a<\/strong><\/b><\/span><\/p>","protected":false},"excerpt":{"rendered":"<p>ASISTENCIA DENTAL PLUS, S.L.\u00a0(de ahora en adelante La Empresa), provisto con NIF\/CIF B97083802, direcci\u00f3n C\/SALAMANCA, 35 BAJO &#8211; 46005 Valencia \u2013 Espa\u00f1a, no puede asumir ninguna responsabilidad derivada del uso incorrecto, inapropiado o il\u00edcito de la informaci\u00f3n aparecida en las p\u00e1ginas de Internet de\u00a0www.asistenciadentalplus.com\u00a0(de ahora en delante Nuestra Web) Con los l\u00edmites establecidos en la [&hellip;]<\/p>\n","protected":false},"author":2,"featured_media":0,"parent":0,"menu_order":0,"comment_status":"closed","ping_status":"closed","template":"","meta":{"_acf_changed":false,"footnotes":""},"class_list":["post-24325","page","type-page","status-publish","hentry"],"acf":[],"_links":{"self":[{"href":"https:\/\/asistenciadentalplus.com\/en\/wp-json\/wp\/v2\/pages\/24325","targetHints":{"allow":["GET"]}}],"collection":[{"href":"https:\/\/asistenciadentalplus.com\/en\/wp-json\/wp\/v2\/pages"}],"about":[{"href":"https:\/\/asistenciadentalplus.com\/en\/wp-json\/wp\/v2\/types\/page"}],"author":[{"embeddable":true,"href":"https:\/\/asistenciadentalplus.com\/en\/wp-json\/wp\/v2\/users\/2"}],"replies":[{"embeddable":true,"href":"https:\/\/asistenciadentalplus.com\/en\/wp-json\/wp\/v2\/comments?post=24325"}],"version-history":[{"count":0,"href":"https:\/\/asistenciadentalplus.com\/en\/wp-json\/wp\/v2\/pages\/24325\/revisions"}],"wp:attachment":[{"href":"https:\/\/asistenciadentalplus.com\/en\/wp-json\/wp\/v2\/media?parent=24325"}],"curies":[{"name":"wp","href":"https:\/\/api.w.org\/{rel}","templated":true}]}}