{"id":24327,"date":"2018-05-07T09:53:58","date_gmt":"2018-05-07T09:53:58","guid":{"rendered":"https:\/\/www.asistenciadentalplus.com\/?page_id=24327"},"modified":"2025-11-20T21:22:01","modified_gmt":"2025-11-20T19:22:01","slug":"politica-de-cookies","status":"publish","type":"page","link":"https:\/\/asistenciadentalplus.com\/en\/politica-de-cookies\/","title":{"rendered":"Cookies policy"},"content":{"rendered":"<p class=\"p3\"><span class=\"s1\"><strong>ASISTENCIA DENTAL PLUS, S.L. <\/strong>\u00a0(de ahora en adelante La Empresa) informa acerca del uso de las cookies en su p\u00e1gina web:\u00a0<strong>www.asistenciadentalplus.com<\/strong><\/span><span class=\"s1\">\u00a0(de ahora en delante Nuestra Web)<\/span><\/p>\n<p class=\"p3\"><span class=\"s1\"><br \/>\n<b>\u00bfQu\u00e9 son las cookies?<\/b><\/span><\/p>\n<p class=\"p3\"><span class=\"s1\">Las cookies son archivos que se pueden descargar en su equipo a trav\u00e9s de las p\u00e1ginas web. Son herramientas que tienen un papel esencial para la prestaci\u00f3n de numerosos servicios de la sociedad de la informaci\u00f3n. Entre otros, permiten a una p\u00e1gina web almacenar y recuperar informaci\u00f3n sobre los h\u00e1bitos de navegaci\u00f3n de un usuario o de su equipo y, dependiendo de la informaci\u00f3n obtenida, se pueden utilizar para reconocer al usuario y mejorar el servicio ofrecido.<\/span><\/p>\n<p class=\"p3\"><span class=\"s1\"><br \/>\n<b>Tipos de cookies<\/b><\/span><\/p>\n<p class=\"p3\"><span class=\"s1\">Seg\u00fan quien sea la entidad que gestione el dominio desde donde se env\u00edan las cookies y trate los datos que se obtengan se pueden distinguir dos tipos:<\/span><\/p>\n<ul class=\"ul1\">\n<li class=\"li4\"><span class=\"s3\">Cookies propias:<br \/>\nAqu\u00e9llas que se env\u00edan al equipo terminal del usuario desde un equipo o dominio gestionado por el propio editor y desde el que se presta el servicio solicitado por el usuario.<\/span><\/li>\n<li class=\"li4\"><span class=\"s3\">Cookies de terceros:<br \/>\nAqu\u00e9llas que se env\u00edan al equipo terminal del usuario desde un equipo o dominio que no es gestionado por el editor, sino por otra entidad que trata los datos obtenidos trav\u00e9s de las cookies.En el caso de que las cookies sean instaladas desde un equipo o dominio gestionado por el propio editor pero la informaci\u00f3n que se recoja mediante \u00e9stas sea gestionada por un tercero, no pueden ser consideradas como cookies propias.<br \/>\nExiste tambi\u00e9n una segunda clasificaci\u00f3n seg\u00fan el plazo de tiempo que permanecen almacenadas en el navegador del cliente, pudiendo tratarse de:<br \/>\n<\/span><\/li>\n<li class=\"li4\"><span class=\"s3\">Cookies de sesi\u00f3n:<br \/>\nDise\u00f1adas para recabar y almacenar datos mientras el usuario accede a una p\u00e1gina web. Se suelen emplear para almacenar informaci\u00f3n que solo interesa conservar para la prestaci\u00f3n del servicio solicitado por el usuario en una sola ocasi\u00f3n (p.e. una lista de productos adquiridos).<\/span><\/li>\n<li class=\"li5\"><span class=\"s3\">Cookies persistentes:<br \/>\nLos datos siguen almacenados en el terminal y pueden ser accedidos y tratados durante un periodo definido por el responsable de la cookie, y que puede ir de unos minutos a varios a\u00f1os.<\/span><\/li>\n<\/ul>\n<p class=\"p3\"><span class=\"s1\"><br \/>\nPor \u00faltimo, existe otra clasificaci\u00f3n con seis tipos de cookies seg\u00fan la finalidad para la que se traten los datos obtenidos:<\/span><\/p>\n<ul class=\"ul1\">\n<li class=\"li4\"><span class=\"s3\">Cookies t\u00e9cnicas:<br \/>\nAquellas que permiten al usuario la navegaci\u00f3n a trav\u00e9s de una p\u00e1gina web, plataforma o aplicaci\u00f3n y la utilizaci\u00f3n de las diferentes opciones o servicios que en ella existan como, por ejemplo, controlar el tr\u00e1fico y la comunicaci\u00f3n de datos, identificar la sesi\u00f3n, acceder a partes de acceso restringido, recordar los elementos que integran un pedido, realizar el proceso de compra de un pedido, realizar la solicitud de inscripci\u00f3n o participaci\u00f3n en un evento, utilizar elementos de seguridad durante la navegaci\u00f3n, almacenar contenidos para la difusi\u00f3n de v\u00eddeos o sonido o compartir contenidos a trav\u00e9s de redes sociales.<\/span><\/li>\n<li class=\"li4\"><span class=\"s3\">Cookies de personalizaci\u00f3n:<br \/>\nPermiten al usuario acceder al servicio con algunas caracter\u00edsticas de car\u00e1cter general predefinidas en funci\u00f3n de una serie de criterios en el terminal del usuario como por ejemplo serian el idioma, el tipo de navegador a trav\u00e9s del cual accede al servicio, la configuraci\u00f3n regional desde donde accede al servicio, etc.<\/span><\/li>\n<li class=\"li4\"><span class=\"s3\">Cookies de an\u00e1lisis:<br \/>\nPermiten al responsable de las mismas, el seguimiento y an\u00e1lisis del comportamiento de los usuarios de los sitios web a los que est\u00e1n vinculadas. La informaci\u00f3n recogida mediante este tipo de cookies se utiliza en la medici\u00f3n de la actividad de los sitios web, aplicaci\u00f3n o plataforma y para la elaboraci\u00f3n de perfiles de navegaci\u00f3n de los usuarios de dichos sitios, aplicaciones y plataformas, con el fin de introducir mejoras en funci\u00f3n del an\u00e1lisis de los datos de uso que hacen los usuarios del servicio.<\/span><\/li>\n<li class=\"li4\"><span class=\"s3\">Cookies publicitarias:<br \/>\nPermiten la gesti\u00f3n, de la forma m\u00e1s eficaz posible, de los espacios publicitarios.<\/span><\/li>\n<li class=\"li4\"><span class=\"s3\">Cookies de publicidad comportamental:<br \/>\nAlmacenan informaci\u00f3n del comportamiento de los usuarios obtenida a trav\u00e9s de la observaci\u00f3n continuada de sus h\u00e1bitos de navegaci\u00f3n, lo que permite desarrollar un perfil espec\u00edfico para mostrar publicidad en funci\u00f3n del mismo.<\/span><\/li>\n<li class=\"li5\"><span class=\"s3\">Cookies de redes sociales externas:<br \/>\nSe utilizan para que los visitantes puedan interactuar con el contenido de diferentes plataformas sociales (facebook, youtube, twitter, linkedIn, etc..) y que se generen \u00fanicamente para los usuarios de dichas redes sociales. Las condiciones de utilizaci\u00f3n de estas cookies y la informaci\u00f3n recopilada se regula por la pol\u00edtica de privacidad de la plataforma social correspondiente.<\/span><\/li>\n<\/ul>\n<p class=\"p3\"><span class=\"s1\"><br \/>\n<b>Desactivaci\u00f3n y eliminaci\u00f3n de cookies<\/b><\/span><\/p>\n<p class=\"p3\"><span class=\"s1\">Tienes la opci\u00f3n de permitir, bloquear o eliminar las cookies instaladas en tu equipo mediante la configuraci\u00f3n de las opciones del navegador instalado en su equipo. Al desactivar cookies, algunos de los servicios disponibles podr\u00edan dejar de estar operativos. La forma de deshabilitar las cookies es diferente para cada navegador, pero normalmente puede hacerse desde el men\u00fa Herramientas u Opciones. Tambi\u00e9n puede consultarse el men\u00fa de Ayuda del navegador d\u00f3nde puedes encontrar instrucciones. El usuario podr\u00e1 en cualquier momento elegir qu\u00e9 cookies quiere que funcionen en este sitio web.<\/span><\/p>\n<p class=\"p3\"><span class=\"s1\">Puede usted permitir, bloquear o eliminar las cookies instaladas en su equipo mediante la configuraci\u00f3n de las opciones del navegador instalado en su ordenador:<\/span><\/p>\n<ul class=\"ul1\">\n<li class=\"li4\"><span class=\"s3\">Microsoft Internet Explorer o Microsoft Edge: http:\/\/windows.microsoft.com\/es-es\/windows-vista\/Block-or-allow-cookies<\/span><\/li>\n<li class=\"li4\"><span class=\"s3\">Mozilla Firefox: http:\/\/support.mozilla.org\/es\/kb\/impedir-que-los-sitios-web-guarden-sus-preferencia<\/span><\/li>\n<li class=\"li4\"><span class=\"s3\">Chrome: https:\/\/support.google.com\/accounts\/answer\/61416?hl=es<\/span><\/li>\n<li class=\"li4\"><span class=\"s3\">Safari: http:\/\/safari.helpmax.net\/es\/privacidad-y-seguridad\/como-gestionar-las-cookies\/<\/span><\/li>\n<li class=\"li4\"><span class=\"s3\">Opera: http:\/\/help.opera.com\/Linux\/10.60\/es-ES\/cookies.htmlAdem\u00e1s, tambi\u00e9n puede gestionar el almac\u00e9n de cookies en su navegador a trav\u00e9s de herramientas como las siguientes<br \/>\n<\/span><\/li>\n<li class=\"li4\"><span class=\"s3\">Ghostery: www.ghostery.com\/<\/span><\/li>\n<li class=\"li5\"><span class=\"s3\">Your Online Choices: www.youronlinechoices.com\/es\/<\/span><\/li>\n<\/ul>\n<p class=\"p3\"><span class=\"s1\">Cookies utilizadas en Nuestra Web<\/span><\/p>\n<p class=\"p3\"><span class=\"s1\">A continuaci\u00f3n se identifican las cookies que est\u00e1n siendo utilizadas en este portal as\u00ed como su tipolog\u00eda y funci\u00f3n:<\/span><\/p>\n<p class=\"p1\"><span class=\"s1\">En particular, este sitio Web utiliza Google Analytics, un servicio anal\u00edtico de web prestado por Google, Inc. con domicilio en los Estados Unidos con sede central en 1600 Amphitheatre Parkway, Mountain View, California 94043. Para la prestaci\u00f3n de estos servicios, estos utilizan cookies que recopilan la informaci\u00f3n, incluida la direcci\u00f3n IP del usuario, que ser\u00e1 transmitida, tratada y almacenada por Google en los t\u00e9rminos fijados en la Web Google.com. Incluyendo la posible transmisi\u00f3n de dicha informaci\u00f3n a terceros por razones de exigencia legal o cuando dichos terceros procesen la informaci\u00f3n por cuenta de Google.<\/span><\/p>\n<p class=\"p1\"><span class=\"s1\">El Usuario acepta expresamente, por la utilizaci\u00f3n de este Site, el tratamiento de la informaci\u00f3n recabada en la forma y con los fines anteriormente mencionados. Y asimismo reconoce conocer la posibilidad de rechazar el tratamiento de tales datos o informaci\u00f3n rechazando el uso de Cookies mediante la selecci\u00f3n de la configuraci\u00f3n apropiada a tal fin en su navegador. Si bien esta opci\u00f3n de bloqueo de Cookies en su navegador puede no permitirle el uso pleno de todas las funcionalidades del website.<\/span><\/p>\n<p class=\"p3\"><span class=\"s1\"><b>Aceptaci\u00f3n de la Pol\u00edtica de cookies<\/b><\/span><\/p>\n<p class=\"p3\"><span class=\"s1\">Nuestra Web asume que usted acepta el uso de cookies. No obstante, muestra informaci\u00f3n sobre su Pol\u00edtica de cookies en la parte inferior o superior de cualquier p\u00e1gina del portal con cada inicio de sesi\u00f3n con el objeto de que usted sea consciente.<\/span><\/p>\n<p class=\"p3\"><span class=\"s1\">Ante esta informaci\u00f3n es posible llevar a cabo las siguientes acciones:<\/span><\/p>\n<ul class=\"ul1\">\n<li class=\"li4\"><span class=\"s3\">Aceptar cookies:<br \/>\nNo se volver\u00e1 a visualizar este aviso al acceder a cualquier p\u00e1gina del portal durante la presente sesi\u00f3n.<\/span><\/li>\n<li class=\"li4\"><span class=\"s3\">Cerrar:<br \/>\nSe oculta el aviso en la presente p\u00e1gina.<\/span><\/li>\n<li class=\"li5\"><span class=\"s3\">Modificar su configuraci\u00f3n:<br \/>\nPodr\u00e1 obtener m\u00e1s informaci\u00f3n sobre qu\u00e9 son las cookies, conocer la Pol\u00edtica de cookies de Nuestra Web y modificar la configuraci\u00f3n de su navegador.<\/span><\/li>\n<\/ul>","protected":false},"excerpt":{"rendered":"<p>ASISTENCIA DENTAL PLUS, S.L. \u00a0(de ahora en adelante La Empresa) informa acerca del uso de las cookies en su p\u00e1gina web:\u00a0www.asistenciadentalplus.com\u00a0(de ahora en delante Nuestra Web) \u00bfQu\u00e9 son las cookies? Las cookies son archivos que se pueden descargar en su equipo a trav\u00e9s de las p\u00e1ginas web. Son herramientas que tienen un papel esencial para [&hellip;]<\/p>\n","protected":false},"author":2,"featured_media":0,"parent":0,"menu_order":0,"comment_status":"closed","ping_status":"closed","template":"","meta":{"_acf_changed":false,"footnotes":""},"class_list":["post-24327","page","type-page","status-publish","hentry"],"acf":[],"_links":{"self":[{"href":"https:\/\/asistenciadentalplus.com\/en\/wp-json\/wp\/v2\/pages\/24327","targetHints":{"allow":["GET"]}}],"collection":[{"href":"https:\/\/asistenciadentalplus.com\/en\/wp-json\/wp\/v2\/pages"}],"about":[{"href":"https:\/\/asistenciadentalplus.com\/en\/wp-json\/wp\/v2\/types\/page"}],"author":[{"embeddable":true,"href":"https:\/\/asistenciadentalplus.com\/en\/wp-json\/wp\/v2\/users\/2"}],"replies":[{"embeddable":true,"href":"https:\/\/asistenciadentalplus.com\/en\/wp-json\/wp\/v2\/comments?post=24327"}],"version-history":[{"count":0,"href":"https:\/\/asistenciadentalplus.com\/en\/wp-json\/wp\/v2\/pages\/24327\/revisions"}],"wp:attachment":[{"href":"https:\/\/asistenciadentalplus.com\/en\/wp-json\/wp\/v2\/media?parent=24327"}],"curies":[{"name":"wp","href":"https:\/\/api.w.org\/{rel}","templated":true}]}}